{"id":470,"date":"2024-09-04T09:12:29","date_gmt":"2024-09-04T09:12:29","guid":{"rendered":"https:\/\/www.filmeta.eu\/?page_id=470"},"modified":"2024-09-04T09:18:53","modified_gmt":"2024-09-04T09:18:53","slug":"cookies","status":"publish","type":"page","link":"https:\/\/www.filmeta.eu\/sk\/cookies\/","title":{"rendered":"Cookies"},"content":{"rendered":"\n<p>To make it easier for you to use our website and to make it more pleasant, we use &#8222;cookies&#8220;. Cookies are small data units that allow us to compare new and previous visitors, understanding how they use our site. Posredujje nam data, with which we can order a future visit to the website more pleasant and efficient. If you do not want to use cookies, set your computer so that it deletes all website cookies and\/or warns you before the cookie is saved on the disk. If you do not want to change the use of cookies, simply continue to the website.<\/p>\n\n\n\n<p>The operator of the website and all the data associated with it is:<\/p>\n\n\n\n<p><strong>Name and surname or Name of the company:\u00a0<\/strong>FIL&amp;META s.r.o.<br><strong>Address:\u00a0<\/strong>Galvaniho 33 A<br><strong>Post and region:\u00a0\u00a0<\/strong>93032 Bratislava<br><strong>Electronic mail address:\u00a0<\/strong>www.filmeta.eu<br><strong>Contact telephone number:<\/strong><\/p>\n\n\n\n<p>For more information about cookies and their impact, visit&nbsp;&nbsp;<a href=\"https:\/\/www.aboutcookies.org\/\">www.aboutcookies.org<\/a>&nbsp;.<\/p>\n\n\n\n<p><strong>TYPES OF COOKIES USED FOR<\/strong><\/p>\n\n\n\n<figure class=\"wp-block-table\"><table class=\"has-fixed-layout\"><tbody><tr><td><strong>The name of the cookie<\/strong><\/td><td><strong>Namen<\/strong><\/td><td><strong>Duration time<\/strong><\/td><\/tr><tr><td>CookiePreferences<\/td><td>A cookie in which your consent to the use of Google services is played.<\/td><td>Two years.<\/td><\/tr><tr><td>NID<\/td><td>Identifier for Google settings<\/td><td>10 months.<\/td><\/tr><tr><td>PH_HPXY_CHECK<\/td><td>A cookie important for the operation of the website, is loaded with each visit to the website, three 1 session<\/td><td>Until the browser is closed.<\/td><\/tr><tr><td>_ga<\/td><td>Website view statistics<\/td><td>Two years.<\/td><\/tr><tr><td>_gid<\/td><td>Website view statistics<\/td><td>One day.<\/td><\/tr><tr><td>_gat<\/td><td>Google Analytics cookie. The cookie is used to regulate the number of sent Google Analytics requests. The cookie does not contain information about the user. The cookie is deleted 10 minutes after installation.<\/td><td>10 minutes.<\/td><\/tr><tr><td>wordpress_logged_in_3054fecbcbdf6e59458543f8aefcff8a<\/td><td>Cookie to forget the registered user on the page<\/td><td>Until the browser is closed.<\/td><\/tr><tr><td>wordpress_sec_3054fecbcbdf6e59458543f8aefcff8a<\/td><td>Cookie from safety stop<\/td><td>Until the browser is closed.<\/td><\/tr><tr><td>wordpress_test_cookie<\/td><td>Cookie service Visual Website Optimizer, which serves to monitor the anonymous use of the website for the need to modify the design template.<\/td><td>Until the browser is closed.<\/td><\/tr><tr><td>wp-settings-1<\/td><td>It is set in the order of adjustment of the page view and (administrator) interface.<\/td><td>210 minutes since the page was updated.<\/td><\/tr><tr><td>wp-settings-time-1<\/td><td>It is set in the order of adjustment of the page view and (administrator) interface.<\/td><td>210 minutes since the page was updated.<\/td><\/tr><\/tbody><\/table><\/figure>\n\n\n\n<p><strong>Obligatory cookies<\/strong>&nbsp;&nbsp;These cookies are necessary for moving around the website and using its features, such as access to the cooking areas of the website. Without these cookies, it is not possible to provide the service you requested, for example the form for a prize game, etc.<\/p>\n\n\n\n<p><strong>Izvedbeni cookies<\/strong>&nbsp;&nbsp;These cookies gather information about the way the website is used, for example, which pages users visit most often, and if error messages appear on the website. These cookies do not collect information that could identify the user. All collected information is aggregated and anonymous. These cookies are used only to improve the functioning of the website.<\/p>\n\n\n\n<p>By continuing to use our website after you have read the cookie notice, you agree that we will place this type of cookie on your right.<\/p>\n\n\n\n<p><strong>Functional cookies<\/strong>&nbsp;&nbsp;These cookies allow the website to remember your chosen options (for example, your username, language or region where you are located) and offer you improved, more personal options. For example, our website on which you are currently offering customized content based on the topic of articles that the user has marked as favorite. Ti p\u00fasuki si lekko zapomnijo tudi zmre\u010dn\u00e9 slo\u017e\u00ed \u010dl\u00fa\u010dn\u00ed in pisave ter drugih delov n\u00e9ste strani ki jih lekto apa\u017eitet. They are also used to provide the services you requested, such as viewing a video or commenting on a blog. The information collected by these cookies is anonymous and does not follow your browsing on other websites.<\/p>\n\n\n\n<p>By continuing to use our website after you have read the cookie notice, you agree that we will place this type of cookie on your right.<\/p>\n\n\n\n<p><strong>How to manage a cookie on a personal computer&nbsp;<\/strong>&nbsp;Click to disable Google Analytics By clicking on &#8222;onemogo\u010danje Google Analytics&#8220; analytics will be disabled for a month.<\/p>\n\n\n\n<p>If you want to enable cookies on our website, follow the steps below.<\/p>\n\n\n\n<p><strong>Google Chrome<\/strong><\/p>\n\n\n\n<ol class=\"wp-block-list\">\n<li>Click \u00bbTools\u00ab on the top of your browser and select \u00bbSettings\u00ab.<\/li>\n\n\n\n<li>Click \u00bbCommand additional settings\u00ab and move to the \u00bbPrivacy\u00ab section and click the \u00bbPrivacy settings\u00ab button.<\/li>\n\n\n\n<li>Select \u00bbAllow setting of local data\u00ab.<\/li>\n<\/ol>\n\n\n\n<p><strong>Microsoft Internet Explorer 6.0, 7.0, 8.0, 9.0<\/strong><\/p>\n\n\n\n<ol class=\"wp-block-list\">\n<li>Click \u00bbTools\u00ab at the top of your browser and select \u00bbInternet Options\u00ab, then click the \u00bbPrivacy\u00ab tab.<\/li>\n\n\n\n<li>Check if your privacy level is set to medium or lower, which will allow the use of cookies in your browser.<\/li>\n\n\n\n<li>A setting above the medium level will disable the use of cookies.<\/li>\n<\/ol>\n\n\n\n<p><strong>Mozilla Firefox<\/strong><\/p>\n\n\n\n<ol class=\"wp-block-list\">\n<li>Click \u00bbTools\u00ab on the top of your browser and select \u00bbOptions\u00ab. ><\/li>\n\n\n\n<li>Then select the \u00bbPrivacy\u00ab icon. ><\/li>\n\n\n\n<li>Click \u00bbCookies\u00ab and select the option \u00bbAllow parties to create cookies\u00ab.<\/li>\n<\/ol>\n\n\n\n<p><strong>Safari<\/strong><\/p>\n\n\n\n<ol class=\"wp-block-list\">\n<li>Click the gear icon at the top of your browser and select \u00bbSettings\u00ab.<\/li>\n\n\n\n<li>Click \u00bbPrivacy\u00ab, then mark the option \u00bbDisable the use of cookies by third parties and registered cookies\u00ab.<\/li>\n\n\n\n<li>Click \u00bbSave\u00ab.<\/li>\n<\/ol>\n\n\n\n<p><strong>How to manage cookies on a Mac<\/strong>&nbsp;&nbsp;If you want to enable cookies on our website, follow the steps below.<\/p>\n\n\n\n<p><strong>Microsoft Internet Explorer 5.0 on OSX<\/strong><\/p>\n\n\n\n<ol class=\"wp-block-list\">\n<li>Click \u00bbExplorer\u00ab at the top of your browser and select \u00bbSettings\u00ab.<\/li>\n\n\n\n<li>Scroll down to \u00bbCookies\u00ab in the section \u00bbDownload files\u00ab.<\/li>\n\n\n\n<li>Select the \u00bbNever ask\u00ab option.<\/li>\n<\/ol>\n\n\n\n<p><strong>Safari on OSX<\/strong><\/p>\n\n\n\n<ol class=\"wp-block-list\">\n<li>Click on \u00bbSafari\u00ab at the top of your browser and select \u00bbSettings\u00ab.<\/li>\n\n\n\n<li>Click \u00bbPrivacy\u00ab and then \u00bbEnable the use of cookies\u00ab.<\/li>\n\n\n\n<li>Select \u00bbOnly on visited pages\u00ab.<\/li>\n<\/ol>\n\n\n\n<p><strong>Mozilla and Netscape on OSX<\/strong><\/p>\n\n\n\n<ol class=\"wp-block-list\">\n<li>Click \u00bbMozilla\u00ab or \u00bbNetscape\u00ab at the top of your browser and select \u00bbSettings\u00ab.<\/li>\n\n\n\n<li>Scroll down to \u00bbCookies\u00ab in the \u00bbPrivacy and Security\u00ab section.<\/li>\n\n\n\n<li>Select \u00bbAllow cookies only for the original website\u00ab.<\/li>\n<\/ol>\n\n\n\n<p><strong>Opera<\/strong><\/p>\n\n\n\n<ol class=\"wp-block-list\">\n<li>Click \u00bbMenu\u00ab at the top of your browser and select \u00bbSettings\u00ab.<\/li>\n\n\n\n<li>Then select \u00bbOptions\u00ab and the \u00bbAdvanced\u00ab tab.<\/li>\n\n\n\n<li>Select the option \u00bbEnable the use of cookies\u00ab.<\/li>\n<\/ol>\n","protected":false},"excerpt":{"rendered":"<p>To make it easier for you to use our website and to make it more pleasant, we use &#8222;cookies&#8220;. Cookies are small data units that allow<span class=\"excerpt-hellip\"> [\u2026]<\/span><\/p>\n","protected":false},"author":1,"featured_media":0,"parent":0,"menu_order":0,"comment_status":"closed","ping_status":"closed","template":"","meta":{"footnotes":""},"class_list":["post-470","page","type-page","status-publish","hentry"],"_links":{"self":[{"href":"https:\/\/www.filmeta.eu\/sk\/wp-json\/wp\/v2\/pages\/470","targetHints":{"allow":["GET"]}}],"collection":[{"href":"https:\/\/www.filmeta.eu\/sk\/wp-json\/wp\/v2\/pages"}],"about":[{"href":"https:\/\/www.filmeta.eu\/sk\/wp-json\/wp\/v2\/types\/page"}],"author":[{"embeddable":true,"href":"https:\/\/www.filmeta.eu\/sk\/wp-json\/wp\/v2\/users\/1"}],"replies":[{"embeddable":true,"href":"https:\/\/www.filmeta.eu\/sk\/wp-json\/wp\/v2\/comments?post=470"}],"version-history":[{"count":2,"href":"https:\/\/www.filmeta.eu\/sk\/wp-json\/wp\/v2\/pages\/470\/revisions"}],"predecessor-version":[{"id":473,"href":"https:\/\/www.filmeta.eu\/sk\/wp-json\/wp\/v2\/pages\/470\/revisions\/473"}],"wp:attachment":[{"href":"https:\/\/www.filmeta.eu\/sk\/wp-json\/wp\/v2\/media?parent=470"}],"curies":[{"name":"wp","href":"https:\/\/api.w.org\/{rel}","templated":true}]}}